{"id":9,"date":"2014-11-05T17:51:57","date_gmt":"2014-11-05T15:51:57","guid":{"rendered":"http:\/\/schauspielschule-genzmer.animate.de\/?page_id=9"},"modified":"2023-08-02T16:40:55","modified_gmt":"2023-08-02T14:40:55","slug":"pruefungen","status":"publish","type":"page","link":"https:\/\/schauspielschule-wiesbaden.de\/?page_id=9","title":{"rendered":"Pr\u00fcfungen"},"content":{"rendered":"<p><strong>W\u00e4hrend\u00a0der Ausbildungszeit absolvieren die Studenten folgende Pr\u00fcfungen:<\/strong><\/p>\n<h5><\/h5>\n<h4><span style=\"color: #3d5d7a;\">Aufnahmepr\u00fcfung<\/span><\/h4>\n<h6><strong>nach 3-monatigem Vorstudium<\/strong><\/h6>\n<h5><\/h5>\n<h4><span style=\"color: #3d5d7a;\">Zwischenpr\u00fcfung<\/span><\/h4>\n<h6><strong>nach 2 Semestern<\/strong><\/h6>\n<h5><\/h5>\n<h4><span style=\"color: #3d5d7a;\">Abschlusspr\u00fcfung<\/span><\/h4>\n<h6><strong>nach mind. 6 Semestern<\/strong><\/h6>\n<h6><\/h6>\n<h6>Am Ende des 2. Ausbildungsjahres erfolgt eine Leistungsbeurteilung und Besprechung der Ausrichtung auf das 3. Studienjahr.<\/h6>\n<h6>\nDie Abschlusspr\u00fcfung wird vor dem Kollegium und der Pr\u00fcfungskommission unter Vorsitz eines Vertreters des Hessischen Ministeriums f\u00fcr Wissenschaft und Kunst abgelegt.<\/h6>\n<h6>\nNach erfolgreichem Studium wird das <span style=\"color: #9b7171;\">Pr\u00e4dikat der B\u00fchnenreife<\/span> (staatl. anerkannt) erteilt. Das Abschlusszeugnis wird vom Ministerium f\u00fcr Wissenschaft und Kunst und der Schulleitung ausgestellt. Das ZAV-Vorsprechen der Abschlussklasse wird von der WSfS organisiert und in den R\u00e4umen der Schule durchgef\u00fchrt.<\/h6>\n<p><strong><span style=\"color: #0d85cc;\">\u00a0<\/span><\/strong><\/p>\n","protected":false},"excerpt":{"rendered":"<p>W\u00e4hrend\u00a0der Ausbildungszeit absolvieren die Studenten folgende Pr\u00fcfungen: Aufnahmepr\u00fcfung nach 3-monatigem Vorstudium Zwischenpr\u00fcfung nach 2 Semestern Abschlusspr\u00fcfung nach mind. 6 Semestern<\/p>\n","protected":false},"author":2,"featured_media":0,"parent":0,"menu_order":0,"comment_status":"closed","ping_status":"closed","template":"","meta":{"colormag_page_container_layout":"default_layout","colormag_page_sidebar_layout":"default_layout","footnotes":""},"class_list":["post-9","page","type-page","status-publish","hentry","gallery-content-unit"],"_links":{"self":[{"href":"https:\/\/schauspielschule-wiesbaden.de\/index.php?rest_route=\/wp\/v2\/pages\/9","targetHints":{"allow":["GET"]}}],"collection":[{"href":"https:\/\/schauspielschule-wiesbaden.de\/index.php?rest_route=\/wp\/v2\/pages"}],"about":[{"href":"https:\/\/schauspielschule-wiesbaden.de\/index.php?rest_route=\/wp\/v2\/types\/page"}],"author":[{"embeddable":true,"href":"https:\/\/schauspielschule-wiesbaden.de\/index.php?rest_route=\/wp\/v2\/users\/2"}],"replies":[{"embeddable":true,"href":"https:\/\/schauspielschule-wiesbaden.de\/index.php?rest_route=%2Fwp%2Fv2%2Fcomments&post=9"}],"version-history":[{"count":13,"href":"https:\/\/schauspielschule-wiesbaden.de\/index.php?rest_route=\/wp\/v2\/pages\/9\/revisions"}],"predecessor-version":[{"id":1906,"href":"https:\/\/schauspielschule-wiesbaden.de\/index.php?rest_route=\/wp\/v2\/pages\/9\/revisions\/1906"}],"wp:attachment":[{"href":"https:\/\/schauspielschule-wiesbaden.de\/index.php?rest_route=%2Fwp%2Fv2%2Fmedia&parent=9"}],"curies":[{"name":"wp","href":"https:\/\/api.w.org\/{rel}","templated":true}]}}