{"id":4,"date":"2014-11-05T13:51:46","date_gmt":"2014-11-05T11:51:46","guid":{"rendered":"http:\/\/schauspielschule-genzmer.animate.de\/?page_id=4"},"modified":"2025-12-03T15:33:49","modified_gmt":"2025-12-03T13:33:49","slug":"allgemeines","status":"publish","type":"page","link":"https:\/\/schauspielschule-wiesbaden.de\/","title":{"rendered":"HERZLICH WILLKOMMEN !"},"content":{"rendered":"<h5>ALLGEMEINES \u00dcBER UNS<\/h5>\n<ul>\n<li>\n<h6><span style=\"color: #3d5d7a;\"><strong>Wiesbadener Schule f\u00fcr Schauspiel<\/strong><\/span>, gegr\u00fcndet 1952<\/h6>\n<\/li>\n<li>\n<h6>Staatlich anerkannte private Schauspielschule, BAF\u00f6G-berechtigte Ausbildung<\/h6>\n<\/li>\n<li>\n<h6>Rechtstr\u00e4ger Schauspielschule Genzmer e.V.<\/h6>\n<\/li>\n<li>\n<h6>gef\u00f6rdert vom Land Hessen und dem Kulturamt der Landeshauptstadt Wiesbaden<\/h6>\n<\/li>\n<li>\n<h6>Die WSFS bildet in einem 3-j\u00e4hrigen Studiengang zum Schauspieler aus. Dem Studiengang geht ein <strong><span style=\"color: #0d85cc;\"><span style=\"color: #5991c0;\"><span style=\"color: #3d5d7a;\">3-monatiges Vorstudium<\/span><\/span><\/span> <span style=\"color: #9b7171;\">(Erprobungsphase)<\/span><\/strong> voraus. Das Vorstudium erm\u00f6glicht es den Auszubildenden, grundlegende Erfahrungen zu sammeln, sich auszuprobieren und die eigene Motivation zu \u00fcberpr\u00fcfen. Am Ende des Vorstudiums erfolgt die Aufnahmepr\u00fcfung. Die Ergebnisse des Vorstudiums gehen in die Gesamtbewertung mit ein. Zu jedem Vorstudium werden nur so viele Studenten zugelassen wie Ausbildungspl\u00e4tze vorhanden sind.<\/h6>\n<\/li>\n<li>\n<h6>Der Unterricht wird ausschlie\u00dflich von qualifizierten Fachkr\u00e4ften mit eigener k\u00fcnstlerischer Erfahrung und Ausbildung durchgef\u00fchrt.<span style=\"color: #3d5d7a;\"><strong> Der Praxisbezug der Dozenten garantiert eine Ausrichtung der Ausbildung auf die Erfordernisse des modernen Theater-, TV- und Filmbetriebs.<\/strong><\/span><\/h6>\n<\/li>\n<li>\n<h6>Individuelle F\u00f6rderung durch Kleingruppen- und Einzelunterrichte. Kontinuierliches Feedback zum pers\u00f6nlichen Ausbildungsstand und entsprechend individuelle Planung der Unterrichtsgestaltung.<\/h6>\n<\/li>\n<\/ul>\n<h6><span style=\"color: #333333;\">Eine kurze Zusammenfassung der Besonderheiten der WSfS finden Sie <\/span><strong><span style=\"color: #5991c0;\"><a style=\"color: #5991c0;\" title=\"Warum ist die WSfS die richtige Schule f\u00fcr mich?\" href=\"https:\/\/schauspielschule-wiesbaden.de\/?page_id=53\"><span style=\"color: #3d5d7a;\"><span style=\"color: #9b7171;\">hier<\/span><\/span><\/a><\/span>.<\/strong><\/h6>\n\n","protected":false},"excerpt":{"rendered":"<p>ALLGEMEINES \u00dcBER UNS Wiesbadener Schule f\u00fcr Schauspiel, gegr\u00fcndet 1952 Staatlich anerkannte private Schauspielschule, BAF\u00f6G-berechtigte Ausbildung Rechtstr\u00e4ger Schauspielschule Genzmer e.V. gef\u00f6rdert<\/p>\n","protected":false},"author":2,"featured_media":0,"parent":0,"menu_order":0,"comment_status":"closed","ping_status":"closed","template":"","meta":{"colormag_page_container_layout":"default_layout","colormag_page_sidebar_layout":"default_layout","footnotes":""},"class_list":["post-4","page","type-page","status-publish","hentry","gallery-content-unit"],"_links":{"self":[{"href":"https:\/\/schauspielschule-wiesbaden.de\/index.php?rest_route=\/wp\/v2\/pages\/4","targetHints":{"allow":["GET"]}}],"collection":[{"href":"https:\/\/schauspielschule-wiesbaden.de\/index.php?rest_route=\/wp\/v2\/pages"}],"about":[{"href":"https:\/\/schauspielschule-wiesbaden.de\/index.php?rest_route=\/wp\/v2\/types\/page"}],"author":[{"embeddable":true,"href":"https:\/\/schauspielschule-wiesbaden.de\/index.php?rest_route=\/wp\/v2\/users\/2"}],"replies":[{"embeddable":true,"href":"https:\/\/schauspielschule-wiesbaden.de\/index.php?rest_route=%2Fwp%2Fv2%2Fcomments&post=4"}],"version-history":[{"count":34,"href":"https:\/\/schauspielschule-wiesbaden.de\/index.php?rest_route=\/wp\/v2\/pages\/4\/revisions"}],"predecessor-version":[{"id":1866,"href":"https:\/\/schauspielschule-wiesbaden.de\/index.php?rest_route=\/wp\/v2\/pages\/4\/revisions\/1866"}],"wp:attachment":[{"href":"https:\/\/schauspielschule-wiesbaden.de\/index.php?rest_route=%2Fwp%2Fv2%2Fmedia&parent=4"}],"curies":[{"name":"wp","href":"https:\/\/api.w.org\/{rel}","templated":true}]}}