{"id":25,"date":"2014-11-05T17:51:17","date_gmt":"2014-11-05T15:51:17","guid":{"rendered":"http:\/\/schauspielschule-genzmer.animate.de\/?page_id=25"},"modified":"2023-08-02T16:32:30","modified_gmt":"2023-08-02T14:32:30","slug":"kontakt","status":"publish","type":"page","link":"https:\/\/schauspielschule-wiesbaden.de\/?page_id=25","title":{"rendered":"Kontakt"},"content":{"rendered":"<h6><strong>Wiesbadener Schule f\u00fcr Schauspiel<\/strong><br \/>\nWellritzstra\u00dfe 38<br \/>\n65183 Wiesbaden<\/h6>\n<h6><strong>Tel: 0611-303526<\/strong><\/h6>\n<h6><strong><span style=\"color: #3d5d7a;\">email<\/span>: <span style=\"color: #5991c0;\"><a style=\"color: #5991c0;\" href=\"mailto:info@schauspielschule-wiesbaden.de\"><span style=\"color: #9b7171;\">info@schauspielschule-wiesbaden.de<\/span><\/a><\/span><\/strong><\/h6>\n<h6><strong><span style=\"color: #5991c0;\"><span style=\"color: #3d5d7a;\">B\u00fcrozeit:<\/span> <span style=\"color: #9b7171;\">mittwochs 14:00 &#8211; 18:00 Uhr<\/span><\/span><\/strong><\/h6>\n<h6>Bei Problemen mit diesen Seiten senden Sie bitte eine Nachricht an den Webmaster . Danke!<\/h6>\n","protected":false},"excerpt":{"rendered":"<p>Wiesbadener Schule f\u00fcr Schauspiel Wellritzstra\u00dfe 38 65183 Wiesbaden Tel: 0611-303526 email: info@schauspielschule-wiesbaden.de B\u00fcrozeit: mittwochs 14:00 &#8211; 18:00 Uhr Bei Problemen<\/p>\n","protected":false},"author":2,"featured_media":0,"parent":0,"menu_order":0,"comment_status":"closed","ping_status":"closed","template":"","meta":{"colormag_page_container_layout":"default_layout","colormag_page_sidebar_layout":"default_layout","footnotes":""},"class_list":["post-25","page","type-page","status-publish","hentry","gallery-content-unit"],"_links":{"self":[{"href":"https:\/\/schauspielschule-wiesbaden.de\/index.php?rest_route=\/wp\/v2\/pages\/25","targetHints":{"allow":["GET"]}}],"collection":[{"href":"https:\/\/schauspielschule-wiesbaden.de\/index.php?rest_route=\/wp\/v2\/pages"}],"about":[{"href":"https:\/\/schauspielschule-wiesbaden.de\/index.php?rest_route=\/wp\/v2\/types\/page"}],"author":[{"embeddable":true,"href":"https:\/\/schauspielschule-wiesbaden.de\/index.php?rest_route=\/wp\/v2\/users\/2"}],"replies":[{"embeddable":true,"href":"https:\/\/schauspielschule-wiesbaden.de\/index.php?rest_route=%2Fwp%2Fv2%2Fcomments&post=25"}],"version-history":[{"count":8,"href":"https:\/\/schauspielschule-wiesbaden.de\/index.php?rest_route=\/wp\/v2\/pages\/25\/revisions"}],"predecessor-version":[{"id":1898,"href":"https:\/\/schauspielschule-wiesbaden.de\/index.php?rest_route=\/wp\/v2\/pages\/25\/revisions\/1898"}],"wp:attachment":[{"href":"https:\/\/schauspielschule-wiesbaden.de\/index.php?rest_route=%2Fwp%2Fv2%2Fmedia&parent=25"}],"curies":[{"name":"wp","href":"https:\/\/api.w.org\/{rel}","templated":true}]}}