{"id":23,"date":"2014-11-05T17:51:41","date_gmt":"2014-11-05T15:51:41","guid":{"rendered":"http:\/\/schauspielschule-genzmer.animate.de\/?page_id=23"},"modified":"2023-08-02T17:14:00","modified_gmt":"2023-08-02T15:14:00","slug":"newsletter","status":"publish","type":"page","link":"https:\/\/schauspielschule-wiesbaden.de\/?page_id=23","title":{"rendered":"Newsletter"},"content":{"rendered":"<h6>Der Newsletter der Wiesbadener Schule f\u00fcr Schauspiel informiert in unregelm\u00e4\u00dfigen Abst\u00e4nden \u00fcber Neuigkeiten an der WSfS. Ihre Emailadresse geben wir selbstverst\u00e4ndlich nicht an Dritte weiter und nutzen sie selbst nur f\u00fcr die Zusendung des Newsletters.<\/h6>\n<h6>Zum abonnieren bitte rechts im Seitenmenu anmelden. Sie k\u00f6nnen den Newsletter nat\u00fcrlich selbst jederzeit wieder ganz formlos abbestellen.<\/h6>\n","protected":false},"excerpt":{"rendered":"<p>Der Newsletter der Wiesbadener Schule f\u00fcr Schauspiel informiert in unregelm\u00e4\u00dfigen Abst\u00e4nden \u00fcber Neuigkeiten an der WSfS. Ihre Emailadresse geben wir<\/p>\n","protected":false},"author":2,"featured_media":0,"parent":0,"menu_order":0,"comment_status":"closed","ping_status":"closed","template":"","meta":{"colormag_page_container_layout":"default_layout","colormag_page_sidebar_layout":"default_layout","footnotes":""},"class_list":["post-23","page","type-page","status-publish","hentry","gallery-content-unit"],"_links":{"self":[{"href":"https:\/\/schauspielschule-wiesbaden.de\/index.php?rest_route=\/wp\/v2\/pages\/23","targetHints":{"allow":["GET"]}}],"collection":[{"href":"https:\/\/schauspielschule-wiesbaden.de\/index.php?rest_route=\/wp\/v2\/pages"}],"about":[{"href":"https:\/\/schauspielschule-wiesbaden.de\/index.php?rest_route=\/wp\/v2\/types\/page"}],"author":[{"embeddable":true,"href":"https:\/\/schauspielschule-wiesbaden.de\/index.php?rest_route=\/wp\/v2\/users\/2"}],"replies":[{"embeddable":true,"href":"https:\/\/schauspielschule-wiesbaden.de\/index.php?rest_route=%2Fwp%2Fv2%2Fcomments&post=23"}],"version-history":[{"count":7,"href":"https:\/\/schauspielschule-wiesbaden.de\/index.php?rest_route=\/wp\/v2\/pages\/23\/revisions"}],"predecessor-version":[{"id":1912,"href":"https:\/\/schauspielschule-wiesbaden.de\/index.php?rest_route=\/wp\/v2\/pages\/23\/revisions\/1912"}],"wp:attachment":[{"href":"https:\/\/schauspielschule-wiesbaden.de\/index.php?rest_route=%2Fwp%2Fv2%2Fmedia&parent=23"}],"curies":[{"name":"wp","href":"https:\/\/api.w.org\/{rel}","templated":true}]}}