{"id":17,"date":"2014-11-05T17:52:09","date_gmt":"2014-11-05T15:52:09","guid":{"rendered":"http:\/\/schauspielschule-genzmer.animate.de\/?page_id=17"},"modified":"2023-08-02T17:29:43","modified_gmt":"2023-08-02T15:29:43","slug":"qualitaetssicherung","status":"publish","type":"page","link":"https:\/\/schauspielschule-wiesbaden.de\/?page_id=17","title":{"rendered":"Qualit\u00e4tssicherung"},"content":{"rendered":"<h6>Die WSfS ist eine vom Hessischen Ministerium f\u00fcr Wissenschaft und Kunst (HMWK) <span style=\"color: #3d5d7a;\">anerkannte Erg\u00e4nzungsschule<\/span> <span style=\"color: #333333;\">(nach 176 Absatz 1 u. 3 Hess. Schulgesetz)<\/span> und verf\u00fcgt \u00fcber einen in Abstimmung mit dem HMWK erstellten verbindlichen Lehrplan.<br \/>\nDie Abschlusspr\u00fcfung wird unter Vorsitz eines Vertreters bzw. einer Vertreterin des HMWK durchgef\u00fchrt. Die Qualit\u00e4t der Ausbildung der WSfS wird so \u00fcberwacht und gew\u00e4hrleistet.<\/h6>\n","protected":false},"excerpt":{"rendered":"<p>Die WSfS ist eine vom Hessischen Ministerium f\u00fcr Wissenschaft und Kunst (HMWK) anerkannte Erg\u00e4nzungsschule (nach 176 Absatz 1 u. 3<\/p>\n","protected":false},"author":2,"featured_media":0,"parent":0,"menu_order":0,"comment_status":"closed","ping_status":"closed","template":"","meta":{"colormag_page_container_layout":"default_layout","colormag_page_sidebar_layout":"default_layout","footnotes":""},"class_list":["post-17","page","type-page","status-publish","hentry","gallery-content-unit"],"_links":{"self":[{"href":"https:\/\/schauspielschule-wiesbaden.de\/index.php?rest_route=\/wp\/v2\/pages\/17","targetHints":{"allow":["GET"]}}],"collection":[{"href":"https:\/\/schauspielschule-wiesbaden.de\/index.php?rest_route=\/wp\/v2\/pages"}],"about":[{"href":"https:\/\/schauspielschule-wiesbaden.de\/index.php?rest_route=\/wp\/v2\/types\/page"}],"author":[{"embeddable":true,"href":"https:\/\/schauspielschule-wiesbaden.de\/index.php?rest_route=\/wp\/v2\/users\/2"}],"replies":[{"embeddable":true,"href":"https:\/\/schauspielschule-wiesbaden.de\/index.php?rest_route=%2Fwp%2Fv2%2Fcomments&post=17"}],"version-history":[{"count":12,"href":"https:\/\/schauspielschule-wiesbaden.de\/index.php?rest_route=\/wp\/v2\/pages\/17\/revisions"}],"predecessor-version":[{"id":1916,"href":"https:\/\/schauspielschule-wiesbaden.de\/index.php?rest_route=\/wp\/v2\/pages\/17\/revisions\/1916"}],"wp:attachment":[{"href":"https:\/\/schauspielschule-wiesbaden.de\/index.php?rest_route=%2Fwp%2Fv2%2Fmedia&parent=17"}],"curies":[{"name":"wp","href":"https:\/\/api.w.org\/{rel}","templated":true}]}}