{"id":11,"date":"2014-11-05T17:50:32","date_gmt":"2014-11-05T15:50:32","guid":{"rendered":"http:\/\/schauspielschule-genzmer.animate.de\/?page_id=11"},"modified":"2023-08-02T17:50:29","modified_gmt":"2023-08-02T15:50:29","slug":"aufnahmekriterien","status":"publish","type":"page","link":"https:\/\/schauspielschule-wiesbaden.de\/?page_id=11","title":{"rendered":"Aufnahmekriterien"},"content":{"rendered":"<h6><span style=\"color: #3d5d7a;\"><strong>Bedingungen zur Aufnahme an der Wiesbadener Schule f\u00fcr Schauspiel<\/strong><\/span><\/h6>\n<ul>\n<li>\n<h6>Mittlerer Bildungsabschlu\u00df<\/h6>\n<\/li>\n<li>\n<h6>Alter: 18 bis 25 Jahre &#8211; Ausnahmen bei besonderer Begabung m\u00f6glich<\/h6>\n<\/li>\n<li>\n<h6>gute &#8211; m\u00f6glichst akzentfreie &#8211; Beherrschung der deutschen Sprache<\/h6>\n<\/li>\n<\/ul>\n<h6><strong><span style=\"color: #3d5d7a;\">Studienbeginn jeweils am 01. M\u00e4rz und am 01. September<\/span><span style=\"color: #0d85cc;\"><br \/><\/span><\/strong><\/h6>\n<h6>Monatliches Schulgeld: 395,&#8211; Euro<br \/>Aufnahmegeb\u00fchr: 15,&#8211; Euro<br \/>Pr\u00fcfungsgeb\u00fchren jeweils: 65,&#8211; Euro<\/h6>\n<h6>Sch\u00fcler und Sch\u00fclerinnen der Wiesbadener Schule f\u00fcr Schauspiel sind <span style=\"color: #5991c0;\"><a style=\"color: #5991c0;\" href=\"http:\/\/www.wiesbaden.de\/bafoeg\" target=\"_blank\" rel=\"noopener noreferrer\"><span style=\"color: #3d5d7a;\">BAf\u00f6G-berechtigt<\/span><\/a>.<\/span><br \/>\u00dcber die F\u00f6rderungsm\u00f6glichkeiten nach dem BAf\u00f6G informieren die \u00c4mter f\u00fcr Ausbildungsf\u00f6rderung bei den kreisfreien St\u00e4dten und Landkreisen.<br \/>Nutzen Sie die M\u00f6glichkeit, sich schon vor Schulbeginn beraten zu lassen und entsprechende Antr\u00e4ge zu stellen.<br \/>Das Amt f\u00fcr Ausbildungsf\u00f6rderung der Landeshauptstadt Wiesbaden erreichen Sie unter bafoeg@wiesbaden.de, Telefon 0611-313623, 312486, 314055 oder 313655 oder per Fax unter 0611\/313970.<\/h6>\n<h6>Antragsformulare und weitere Informationen gibt es auch unter <span style=\"color: #3d5d7a;\"><a style=\"color: #3d5d7a;\" href=\"http:\/\/www.wiesbaden.de\/bafoeg\" target=\"_blank\" rel=\"noopener noreferrer\">http:\/\/www.wiesbaden.de\/bafoeg<\/a><\/span><br \/>Mehr Infos und einen BAf\u00f6G-Rechner finden Sie <a href=\"http:\/\/www.bafoeg-rechner.de\/Rechner\/\" target=\"_blank\" rel=\"noopener noreferrer\"><span style=\"color: #5991c0;\"><span style=\"color: #3d5d7a;\">hier<\/span><\/span><\/a>.<\/h6>\n<h6 align=\"LEFT\"><strong><span style=\"color: #000000;\"><span style=\"color: #333333;\"><span style=\"font-family: Open Sans;\"><span style=\"font-size: large;\">Wenn Sie an einer Ausbildung an unserem Institut interessiert sind, vereinbaren Sie bitte <\/span><\/span><\/span><span style=\"color: #3d5d7a;\"><span style=\"font-family: Open Sans;\"><span style=\"font-size: large;\">telefonisch <span style=\"color: #9b7171;\">(0611 303526) <\/span><\/span><\/span><\/span><span style=\"font-family: Open Sans;\"><span style=\"font-size: large;\">oder<\/span><\/span> <span style=\"font-family: Open Sans;\"><span style=\"font-size: large;\">per<\/span><\/span><span style=\"color: #5991c0;\"><span style=\"font-family: Open Sans;\"><span style=\"font-size: large;\"><span style=\"color: #3d5d7a;\"> Email <span style=\"color: #9b7171;\">(info@schauspielschule-wiesbaden.de)<\/span><\/span> <\/span><\/span><\/span><span style=\"color: #333333;\"><span style=\"font-family: Open Sans;\"><span style=\"font-size: large;\">einen Vorstellungstermin. <\/span><\/span><\/span><\/span><\/strong><\/h6>\n\n\n\n","protected":false},"excerpt":{"rendered":"<p>Bedingungen zur Aufnahme an der Wiesbadener Schule f\u00fcr Schauspiel Mittlerer Bildungsabschlu\u00df Alter: 18 bis 25 Jahre &#8211; Ausnahmen bei besonderer<\/p>\n","protected":false},"author":2,"featured_media":0,"parent":0,"menu_order":0,"comment_status":"closed","ping_status":"closed","template":"","meta":{"colormag_page_container_layout":"default_layout","colormag_page_sidebar_layout":"default_layout","footnotes":""},"class_list":["post-11","page","type-page","status-publish","hentry","gallery-content-unit"],"_links":{"self":[{"href":"https:\/\/schauspielschule-wiesbaden.de\/index.php?rest_route=\/wp\/v2\/pages\/11","targetHints":{"allow":["GET"]}}],"collection":[{"href":"https:\/\/schauspielschule-wiesbaden.de\/index.php?rest_route=\/wp\/v2\/pages"}],"about":[{"href":"https:\/\/schauspielschule-wiesbaden.de\/index.php?rest_route=\/wp\/v2\/types\/page"}],"author":[{"embeddable":true,"href":"https:\/\/schauspielschule-wiesbaden.de\/index.php?rest_route=\/wp\/v2\/users\/2"}],"replies":[{"embeddable":true,"href":"https:\/\/schauspielschule-wiesbaden.de\/index.php?rest_route=%2Fwp%2Fv2%2Fcomments&post=11"}],"version-history":[{"count":26,"href":"https:\/\/schauspielschule-wiesbaden.de\/index.php?rest_route=\/wp\/v2\/pages\/11\/revisions"}],"predecessor-version":[{"id":1928,"href":"https:\/\/schauspielschule-wiesbaden.de\/index.php?rest_route=\/wp\/v2\/pages\/11\/revisions\/1928"}],"wp:attachment":[{"href":"https:\/\/schauspielschule-wiesbaden.de\/index.php?rest_route=%2Fwp%2Fv2%2Fmedia&parent=11"}],"curies":[{"name":"wp","href":"https:\/\/api.w.org\/{rel}","templated":true}]}}